{"id":100,"date":"2023-06-13T14:19:45","date_gmt":"2023-06-13T14:19:45","guid":{"rendered":"https:\/\/effective.rs\/?page_id=100"},"modified":"2023-06-15T10:46:31","modified_gmt":"2023-06-15T10:46:31","slug":"goodbye","status":"publish","type":"page","link":"https:\/\/effective.rs\/en\/","title":{"rendered":"GoodBye"},"content":{"rendered":"<div data-elementor-type=\"wp-page\" data-elementor-id=\"100\" class=\"elementor elementor-100\" data-elementor-post-type=\"page\">\n\t\t\t\t\t\t<section class=\"elementor-section elementor-top-section elementor-element elementor-element-e56c123 elementor-section-boxed elementor-section-height-default elementor-section-height-default\" data-id=\"e56c123\" data-element_type=\"section\" data-e-type=\"section\">\n\t\t\t\t\t\t<div class=\"elementor-container elementor-column-gap-no\">\n\t\t\t\t\t<div class=\"elementor-column elementor-col-100 elementor-top-column elementor-element elementor-element-94fe602\" data-id=\"94fe602\" data-element_type=\"column\" data-e-type=\"column\">\n\t\t\t<div class=\"elementor-widget-wrap elementor-element-populated\">\n\t\t\t\t\t\t<div class=\"elementor-element elementor-element-2e9bfe2 animated-slow elementor-invisible elementor-widget elementor-widget-image\" data-id=\"2e9bfe2\" data-element_type=\"widget\" data-e-type=\"widget\" data-settings=\"{&quot;_animation&quot;:&quot;fadeIn&quot;}\" data-widget_type=\"image.default\">\n\t\t\t\t<div class=\"elementor-widget-container\">\n\t\t\t\t\t\t\t\t\t\t\t\t\t\t\t<img fetchpriority=\"high\" decoding=\"async\" width=\"401\" height=\"172\" src=\"https:\/\/effective.rs\/wp-content\/uploads\/2023\/03\/effective-marketing-logo-black.svg\" class=\"attachment-full size-full wp-image-16\" alt=\"\" \/>\t\t\t\t\t\t\t\t\t\t\t\t\t\t\t<\/div>\n\t\t\t\t<\/div>\n\t\t\t\t<div class=\"elementor-element elementor-element-1256ea1 animated-slow elementor-invisible elementor-widget elementor-widget-text-editor\" data-id=\"1256ea1\" data-element_type=\"widget\" data-e-type=\"widget\" data-settings=\"{&quot;_animation&quot;:&quot;fadeIn&quot;}\" data-widget_type=\"text-editor.default\">\n\t\t\t\t<div class=\"elementor-widget-container\">\n\t\t\t\t\t\t\t\t\t<p>Effective Marketing is now part of Beyond Creative agency! We are still dedicated to your success and developing your full potential, now as a part of the global team.<\/p><p>Reach Out<\/p>\t\t\t\t\t\t\t\t<\/div>\n\t\t\t\t<\/div>\n\t\t\t\t<div class=\"elementor-element elementor-element-13f89ba animated-slow elementor-invisible elementor-widget elementor-widget-text-editor\" data-id=\"13f89ba\" data-element_type=\"widget\" data-e-type=\"widget\" data-settings=\"{&quot;_animation&quot;:&quot;fadeIn&quot;}\" data-widget_type=\"text-editor.default\">\n\t\t\t\t<div class=\"elementor-widget-container\">\n\t\t\t\t\t\t\t\t\t<p><a style=\"color: #1c2592;\" href=\"https:\/\/bca.rs\/\" target=\"_blank\" rel=\"noopener\">bca.rs<\/a><\/p><p><a style=\"color: #1c2592;\" href=\"mailto:hello@bca.rs\">hello@bca.rs<\/a><\/p><p><a style=\"color: #1c2592;\" href=\"tel:+381603333999\">+381 60 3333 999<br \/><\/a><\/p>\t\t\t\t\t\t\t\t<\/div>\n\t\t\t\t<\/div>\n\t\t\t\t\t<\/div>\n\t\t<\/div>\n\t\t\t\t\t<\/div>\n\t\t<\/section>\n\t\t\t\t<section class=\"elementor-section elementor-top-section elementor-element elementor-element-9380b35 elementor-section-boxed elementor-section-height-default elementor-section-height-default\" data-id=\"9380b35\" data-element_type=\"section\" data-e-type=\"section\">\n\t\t\t\t\t\t<div class=\"elementor-container elementor-column-gap-default\">\n\t\t\t\t\t<div class=\"elementor-column elementor-col-100 elementor-top-column elementor-element elementor-element-e751c78\" data-id=\"e751c78\" data-element_type=\"column\" data-e-type=\"column\">\n\t\t\t<div class=\"elementor-widget-wrap elementor-element-populated\">\n\t\t\t\t\t\t<div class=\"elementor-element elementor-element-b488bcb elementor-align-center elementor-invisible elementor-widget elementor-widget-lottie\" data-id=\"b488bcb\" data-element_type=\"widget\" data-e-type=\"widget\" data-settings=\"{&quot;source_json&quot;:{&quot;url&quot;:&quot;https:\\\/\\\/effective.rs\\\/wp-content\\\/uploads\\\/2023\\\/03\\\/Rocket.json&quot;,&quot;id&quot;:47,&quot;size&quot;:&quot;&quot;,&quot;alt&quot;:&quot;&quot;,&quot;source&quot;:&quot;library&quot;},&quot;loop&quot;:&quot;yes&quot;,&quot;end_point&quot;:{&quot;unit&quot;:&quot;%&quot;,&quot;size&quot;:100,&quot;sizes&quot;:[]},&quot;_animation&quot;:&quot;fadeInUp&quot;,&quot;_animation_mobile&quot;:&quot;fadeInUp&quot;,&quot;source&quot;:&quot;media_file&quot;,&quot;caption_source&quot;:&quot;none&quot;,&quot;link_to&quot;:&quot;none&quot;,&quot;trigger&quot;:&quot;arriving_to_viewport&quot;,&quot;viewport&quot;:{&quot;unit&quot;:&quot;%&quot;,&quot;size&quot;:&quot;&quot;,&quot;sizes&quot;:{&quot;start&quot;:0,&quot;end&quot;:100}},&quot;play_speed&quot;:{&quot;unit&quot;:&quot;px&quot;,&quot;size&quot;:1,&quot;sizes&quot;:[]},&quot;start_point&quot;:{&quot;unit&quot;:&quot;%&quot;,&quot;size&quot;:0,&quot;sizes&quot;:[]},&quot;renderer&quot;:&quot;svg&quot;}\" data-widget_type=\"lottie.default\">\n\t\t\t\t<div class=\"elementor-widget-container\">\n\t\t\t\t\t<div class=\"e-lottie__container\"><div class=\"e-lottie__animation\"><\/div><\/div>\t\t\t\t<\/div>\n\t\t\t\t<\/div>\n\t\t\t\t\t<\/div>\n\t\t<\/div>\n\t\t\t\t\t<\/div>\n\t\t<\/section>\n\t\t\t\t<\/div>","protected":false},"excerpt":{"rendered":"<p>Effective Marketing je postao deo Beyond Creative agencije! Nastavljamo da budemo posve\u0107eni va\u0161em uspehu i razvijamo va\u0161 pun potencijal sada kao deo globalnog tima. Kontaktirajte nas bca.rs hello@bca.rs +381 60 3333 999<\/p>","protected":false},"author":1,"featured_media":0,"parent":0,"menu_order":0,"comment_status":"closed","ping_status":"closed","template":"elementor_canvas","meta":{"footnotes":""},"class_list":["post-100","page","type-page","status-publish","hentry"],"yoast_head":"<!-- This site is optimized with the Yoast SEO plugin v27.3 - https:\/\/yoast.com\/product\/yoast-seo-wordpress\/ -->\n<title>GoodBye - Effective Marketing<\/title>\n<meta name=\"robots\" content=\"index, follow, max-snippet:-1, max-image-preview:large, max-video-preview:-1\" \/>\n<link rel=\"canonical\" href=\"https:\/\/effective.rs\/en\/\" \/>\n<meta property=\"og:locale\" content=\"en_GB\" \/>\n<meta property=\"og:type\" content=\"article\" \/>\n<meta property=\"og:title\" content=\"GoodBye - Effective Marketing\" \/>\n<meta property=\"og:description\" content=\"Effective Marketing je postao deo Beyond Creative agencije! Nastavljamo da budemo posve\u0107eni va\u0161em uspehu i razvijamo va\u0161 pun potencijal sada kao deo globalnog tima. Kontaktirajte nas bca.rs hello@bca.rs +381 60 3333 999\" \/>\n<meta property=\"og:url\" content=\"https:\/\/effective.rs\/en\/\" \/>\n<meta property=\"og:site_name\" content=\"Effective Marketing\" \/>\n<meta property=\"article:modified_time\" content=\"2023-06-15T10:46:31+00:00\" \/>\n<meta property=\"og:image\" content=\"https:\/\/effective.rs\/wp-content\/uploads\/2023\/03\/effective-marketing-logo-black.svg\" \/>\n<meta name=\"twitter:card\" content=\"summary_large_image\" \/>\n<meta name=\"twitter:label1\" content=\"Estimated reading time\" \/>\n\t<meta name=\"twitter:data1\" content=\"1 minute\" \/>\n<script type=\"application\/ld+json\" class=\"yoast-schema-graph\">{\"@context\":\"https:\\\/\\\/schema.org\",\"@graph\":[{\"@type\":\"WebPage\",\"@id\":\"https:\\\/\\\/effective.rs\\\/\",\"url\":\"https:\\\/\\\/effective.rs\\\/\",\"name\":\"GoodBye - Effective Marketing\",\"isPartOf\":{\"@id\":\"https:\\\/\\\/effective.rs\\\/#website\"},\"primaryImageOfPage\":{\"@id\":\"https:\\\/\\\/effective.rs\\\/#primaryimage\"},\"image\":{\"@id\":\"https:\\\/\\\/effective.rs\\\/#primaryimage\"},\"thumbnailUrl\":\"https:\\\/\\\/effective.rs\\\/wp-content\\\/uploads\\\/2023\\\/03\\\/effective-marketing-logo-black.svg\",\"datePublished\":\"2023-06-13T14:19:45+00:00\",\"dateModified\":\"2023-06-15T10:46:31+00:00\",\"breadcrumb\":{\"@id\":\"https:\\\/\\\/effective.rs\\\/#breadcrumb\"},\"inLanguage\":\"en-GB\",\"potentialAction\":[{\"@type\":\"ReadAction\",\"target\":[\"https:\\\/\\\/effective.rs\\\/\"]}]},{\"@type\":\"ImageObject\",\"inLanguage\":\"en-GB\",\"@id\":\"https:\\\/\\\/effective.rs\\\/#primaryimage\",\"url\":\"https:\\\/\\\/effective.rs\\\/wp-content\\\/uploads\\\/2023\\\/03\\\/effective-marketing-logo-black.svg\",\"contentUrl\":\"https:\\\/\\\/effective.rs\\\/wp-content\\\/uploads\\\/2023\\\/03\\\/effective-marketing-logo-black.svg\"},{\"@type\":\"BreadcrumbList\",\"@id\":\"https:\\\/\\\/effective.rs\\\/#breadcrumb\",\"itemListElement\":[{\"@type\":\"ListItem\",\"position\":1,\"name\":\"Home\",\"item\":\"https:\\\/\\\/effective.rs\\\/\"},{\"@type\":\"ListItem\",\"position\":2,\"name\":\"GoodBye\"}]},{\"@type\":\"WebSite\",\"@id\":\"https:\\\/\\\/effective.rs\\\/#website\",\"url\":\"https:\\\/\\\/effective.rs\\\/\",\"name\":\"Effective Marketing\",\"description\":\"Goodbye\",\"potentialAction\":[{\"@type\":\"SearchAction\",\"target\":{\"@type\":\"EntryPoint\",\"urlTemplate\":\"https:\\\/\\\/effective.rs\\\/?s={search_term_string}\"},\"query-input\":{\"@type\":\"PropertyValueSpecification\",\"valueRequired\":true,\"valueName\":\"search_term_string\"}}],\"inLanguage\":\"en-GB\"}]}<\/script>\n<!-- \/ Yoast SEO plugin. -->","yoast_head_json":{"title":"GoodBye - Effective Marketing","robots":{"index":"index","follow":"follow","max-snippet":"max-snippet:-1","max-image-preview":"max-image-preview:large","max-video-preview":"max-video-preview:-1"},"canonical":"https:\/\/effective.rs\/en\/","og_locale":"en_GB","og_type":"article","og_title":"GoodBye - Effective Marketing","og_description":"Effective Marketing je postao deo Beyond Creative agencije! Nastavljamo da budemo posve\u0107eni va\u0161em uspehu i razvijamo va\u0161 pun potencijal sada kao deo globalnog tima. Kontaktirajte nas bca.rs hello@bca.rs +381 60 3333 999","og_url":"https:\/\/effective.rs\/en\/","og_site_name":"Effective Marketing","article_modified_time":"2023-06-15T10:46:31+00:00","og_image":[{"url":"https:\/\/effective.rs\/wp-content\/uploads\/2023\/03\/effective-marketing-logo-black.svg","type":"","width":"","height":""}],"twitter_card":"summary_large_image","twitter_misc":{"Estimated reading time":"1 minute"},"schema":{"@context":"https:\/\/schema.org","@graph":[{"@type":"WebPage","@id":"https:\/\/effective.rs\/","url":"https:\/\/effective.rs\/","name":"GoodBye - Effective Marketing","isPartOf":{"@id":"https:\/\/effective.rs\/#website"},"primaryImageOfPage":{"@id":"https:\/\/effective.rs\/#primaryimage"},"image":{"@id":"https:\/\/effective.rs\/#primaryimage"},"thumbnailUrl":"https:\/\/effective.rs\/wp-content\/uploads\/2023\/03\/effective-marketing-logo-black.svg","datePublished":"2023-06-13T14:19:45+00:00","dateModified":"2023-06-15T10:46:31+00:00","breadcrumb":{"@id":"https:\/\/effective.rs\/#breadcrumb"},"inLanguage":"en-GB","potentialAction":[{"@type":"ReadAction","target":["https:\/\/effective.rs\/"]}]},{"@type":"ImageObject","inLanguage":"en-GB","@id":"https:\/\/effective.rs\/#primaryimage","url":"https:\/\/effective.rs\/wp-content\/uploads\/2023\/03\/effective-marketing-logo-black.svg","contentUrl":"https:\/\/effective.rs\/wp-content\/uploads\/2023\/03\/effective-marketing-logo-black.svg"},{"@type":"BreadcrumbList","@id":"https:\/\/effective.rs\/#breadcrumb","itemListElement":[{"@type":"ListItem","position":1,"name":"Home","item":"https:\/\/effective.rs\/"},{"@type":"ListItem","position":2,"name":"GoodBye"}]},{"@type":"WebSite","@id":"https:\/\/effective.rs\/#website","url":"https:\/\/effective.rs\/","name":"Effective Marketing","description":"Goodbye","potentialAction":[{"@type":"SearchAction","target":{"@type":"EntryPoint","urlTemplate":"https:\/\/effective.rs\/?s={search_term_string}"},"query-input":{"@type":"PropertyValueSpecification","valueRequired":true,"valueName":"search_term_string"}}],"inLanguage":"en-GB"}]}},"_links":{"self":[{"href":"https:\/\/effective.rs\/en\/wp-json\/wp\/v2\/pages\/100","targetHints":{"allow":["GET"]}}],"collection":[{"href":"https:\/\/effective.rs\/en\/wp-json\/wp\/v2\/pages"}],"about":[{"href":"https:\/\/effective.rs\/en\/wp-json\/wp\/v2\/types\/page"}],"author":[{"embeddable":true,"href":"https:\/\/effective.rs\/en\/wp-json\/wp\/v2\/users\/1"}],"replies":[{"embeddable":true,"href":"https:\/\/effective.rs\/en\/wp-json\/wp\/v2\/comments?post=100"}],"version-history":[{"count":22,"href":"https:\/\/effective.rs\/en\/wp-json\/wp\/v2\/pages\/100\/revisions"}],"predecessor-version":[{"id":128,"href":"https:\/\/effective.rs\/en\/wp-json\/wp\/v2\/pages\/100\/revisions\/128"}],"wp:attachment":[{"href":"https:\/\/effective.rs\/en\/wp-json\/wp\/v2\/media?parent=100"}],"curies":[{"name":"wp","href":"https:\/\/api.w.org\/{rel}","templated":true}]}}